{"id":1838,"date":"2018-07-13T14:23:58","date_gmt":"2018-07-13T11:23:58","guid":{"rendered":"https:\/\/sebo.fi\/jalleenmyyjat\/"},"modified":"2018-09-26T13:33:21","modified_gmt":"2018-09-26T10:33:21","slug":"authorized-resellers","status":"publish","type":"page","link":"https:\/\/sebo.fi\/en\/authorized-resellers\/","title":{"rendered":"Authorized resellers"},"content":{"rendered":"<div class=\"wpb-content-wrapper\"><p>[vc_row][vc_column][vc_custom_heading text=&#8221;Authorized resellers&#8221; use_theme_fonts=&#8221;yes&#8221;]<div class=\"porto-sort-container  resellers-container\"><div class=\"row\" id=\"\"><div class=\"porto-sort-item   text-center col-xl-3 col-lg-6 col-md-12 col-12\" data-popular=\"0\">[vc_column_text]<\/p>\n<h3>Beretta Palvelut Oy<\/h3>\n<p>Opastinsilta 10<br \/>\n00520 Helsinki<br \/>\n<a href=\"tel:0108333933\">010 8333 933<\/a><br \/>\n<a href=\"mailto:beretta@beretta.fi\">beretta@beretta.fi<\/a><br \/>\n<a href=\"http:\/\/www.beretta.fi\/\">http:\/\/www.beretta.fi<\/a>[\/vc_column_text]<\/div><div class=\"porto-sort-item   text-center col-xl-3 col-lg-6 col-md-12 col-12\" data-popular=\"0\">[vc_column_text]<\/p>\n<h3>CC-tukku Oy<\/h3>\n<p>Hyttimestarinkuja 2<br \/>\n02780 Espoo<br \/>\n<a href=\"tel:0207313313\">0207 313 313<\/a><br \/>\n<a href=\"mailto:palvelu@cc-tukku.com\">palvelu@cc-tukku.com<\/a><br \/>\n<a href=\"www.cc-tukku.com\">www.cc-tukku.com<\/a>[\/vc_column_text]<\/div><div class=\"porto-sort-item   text-center col-xl-3 col-lg-6 col-md-12 col-12\" data-popular=\"0\">[vc_column_text]<\/p>\n<h3>Clean Ari Oy<\/h3>\n<p>Paukkajantie 4<br \/>\n80130 Joensuu<br \/>\n<a href=\"tel:0400272502\">0400 272 502<\/a><br \/>\n<a href=\"mailto:myynti@cleanari.fi\">myynti@cleanari.fi<\/a><br \/>\n<a href=\"www.cleanari.fi\">www.cleanari.fi<\/a>[\/vc_column_text]<\/div><div class=\"porto-sort-item   text-center col-xl-3 col-lg-6 col-md-12 col-12\" data-popular=\"0\">[vc_column_text]<\/p>\n<h3>Clean Key<\/h3>\n<p>P\u00e4\u00e4skykalliontie 1<br \/>\n21420 Lieto[\/vc_column_text]<\/div><div class=\"porto-sort-item   text-center col-xl-3 col-lg-6 col-md-12 col-12\" data-popular=\"0\">[vc_column_text]<\/p>\n<h3>Clean Key Oy<\/h3>\n<p>Konalankuja 4<br \/>\n00390 Helsinki<br \/>\n<a href=\"tel:+358103220200\">+358103220200<\/a><br \/>\n<a href=\"mailto:tilaukset@cleankey.fi\">tilaukset@cleankey.fi<\/a><br \/>\n<a href=\"www.cleankey.fi\">www.cleankey.fi<\/a>[\/vc_column_text]<\/div><div class=\"porto-sort-item   text-center col-xl-3 col-lg-6 col-md-12 col-12\" data-popular=\"0\">[vc_column_text]<\/p>\n<h3>Kymen Siivoustukku ja -konsultointi Ky<\/h3>\n<p>Kaakkoiskaari 18 A<br \/>\n53500 Lappeenranta<br \/>\n<a href=\"tel:0400551521\">0400-551521<\/a><br \/>\n<a href=\"mailto:kymensiivoustukku@co.inet.fi\">kymensiivoustukku@co.inet.fi<\/a><br \/>\n<a href=\"www.kymensiivoustukku.fi\">www.kymensiivoustukku.fi<\/a>[\/vc_column_text]<\/div><div class=\"porto-sort-item   text-center col-xl-3 col-lg-6 col-md-12 col-12\" data-popular=\"0\">[vc_column_text]<\/p>\n<h3>Matro Oy<\/h3>\n<p>Puurtajankatu 26, 3<br \/>\n04440 J\u00e4rvenp\u00e4\u00e4<br \/>\n<a href=\"tel:09 2917387\">09 2917387<\/a><br \/>\n<a href=\"mailto:matro@co.inet.fi\">matro@co.inet.fi<\/a><br \/>\n[\/vc_column_text]<\/div><div class=\"porto-sort-item   text-center col-xl-3 col-lg-6 col-md-12 col-12\" data-popular=\"0\">[vc_column_text]<\/p>\n<h3>Pemic Oy<\/h3>\n<p>Sibeliuksenkatu 3<br \/>\n00250 Helsinki<br \/>\n<a href=\"tel:0108200300\">010 820 0300<\/a><br \/>\n<a href=\"mailto:asiakaspalvelu@pemic.fi\">asiakaspalvelu@pemic.fi<\/a><br \/>\n<a href=\"www.pernic.fi\">www.pemic.fi<\/a>[\/vc_column_text]<\/div><div class=\"porto-sort-item   text-center col-xl-3 col-lg-6 col-md-12 col-12\" data-popular=\"0\">[vc_column_text]<\/p>\n<h3>Pesuainetukku Osola Oy<\/h3>\n<p>Laturintie 1<br \/>\n48220 Kotka<br \/>\n<a href=\"tel:052275300\">(05) 227 5300<\/a><br \/>\n<a href=\"mailto:myynti@pesuainetukkuosola.fi\">myynti@pesuainetukkuosola.fi<\/a><br \/>\n<a href=\"http:\/\/www.pesuainetukkuosola.fi\/\">http:\/\/www.pesuainetukkuosola.fi<\/a>[\/vc_column_text]<\/div><div class=\"porto-sort-item   text-center col-xl-3 col-lg-6 col-md-12 col-12\" data-popular=\"0\">[vc_column_text]<\/p>\n<h3>Yellow Service Oy<\/h3>\n<p>Hatanp\u00e4\u00e4n valtatie 26<br \/>\n33100 Tampere<br \/>\n<a href=\"tel:032344600\">03 2344 600<\/a><br \/>\n<a href=\"mailto:info@yellowservice.fi\">info@yellowservice.fi<\/a><br \/>\n<a href=\"www.siivous.fi\">www.siivous.fi<\/a><\/p>\n<p>[\/vc_column_text]<\/div><\/div><\/div>[\/vc_column][\/vc_row]<\/p>\n<\/div>","protected":false},"excerpt":{"rendered":"<p>[vc_row][vc_column][vc_custom_heading text=&#8221;Authorized resellers&#8221; use_theme_fonts=&#8221;yes&#8221;][\/vc_column][\/vc_row]<\/p>\n","protected":false},"author":1,"featured_media":0,"parent":0,"menu_order":0,"comment_status":"closed","ping_status":"closed","template":"","meta":{"_monsterinsights_skip_tracking":false,"_monsterinsights_sitenote_active":false,"_monsterinsights_sitenote_note":"","_monsterinsights_sitenote_category":0,"footnotes":""},"class_list":["post-1838","page","type-page","status-publish","hentry"],"_links":{"self":[{"href":"https:\/\/sebo.fi\/en\/wp-json\/wp\/v2\/pages\/1838","targetHints":{"allow":["GET"]}}],"collection":[{"href":"https:\/\/sebo.fi\/en\/wp-json\/wp\/v2\/pages"}],"about":[{"href":"https:\/\/sebo.fi\/en\/wp-json\/wp\/v2\/types\/page"}],"author":[{"embeddable":true,"href":"https:\/\/sebo.fi\/en\/wp-json\/wp\/v2\/users\/1"}],"replies":[{"embeddable":true,"href":"https:\/\/sebo.fi\/en\/wp-json\/wp\/v2\/comments?post=1838"}],"version-history":[{"count":23,"href":"https:\/\/sebo.fi\/en\/wp-json\/wp\/v2\/pages\/1838\/revisions"}],"predecessor-version":[{"id":2287,"href":"https:\/\/sebo.fi\/en\/wp-json\/wp\/v2\/pages\/1838\/revisions\/2287"}],"wp:attachment":[{"href":"https:\/\/sebo.fi\/en\/wp-json\/wp\/v2\/media?parent=1838"}],"curies":[{"name":"wp","href":"https:\/\/api.w.org\/{rel}","templated":true}]}}