{"id":1831,"date":"2018-03-01T05:42:49","date_gmt":"2018-03-01T05:42:49","guid":{"rendered":"https:\/\/sebo.fi\/about-us\/"},"modified":"2018-09-12T09:20:18","modified_gmt":"2018-09-12T06:20:18","slug":"about-sebo","status":"publish","type":"page","link":"https:\/\/sebo.fi\/en\/about-sebo\/","title":{"rendered":"About Sebo"},"content":{"rendered":"<div class=\"wpb-content-wrapper\"><p>[vc_row][vc_column][vc_custom_heading text=&#8221;TIETOA SEBOSTA&#8221; use_theme_fonts=&#8221;yes&#8221;][vc_column_text]<\/p>\n<p>Stein &amp; Co on saksalainen laadukkaiden imureiden valmistaja, jonka ydinosaaminen on mattoimureiden valmistus. Suomessa imureiden esittely, toimitus ja k\u00e4ytt\u00e4jien opastus tapahtuu ammattitaitoisten siivousalaan erikoistuneiden toimittajien toimesta.<\/p>\n<p>80 vuotta ensimm\u00e4isen imuripatentin j\u00e4lkeen kaksi nuorta insin\u00f6\u00f6ri\u00e4 luottivat siihen, ett\u00e4 he voisivat nostaa imureiden suunnittelun ja valmistuksen uudelle tasolle. Paljon teoreettista ja k\u00e4yt\u00e4nn\u00f6n kokemusta omaavina he perustivat yrityksen nimelt\u00e4 Stein &amp; Co. Ensimm\u00e4inen p\u00f6lynimuri \u2019350\u2019 valmistui vuonna 1978. Yrityksen alusta l\u00e4htien t\u00e4h\u00e4n p\u00e4iv\u00e4\u00e4n saakka jokainen imuri on suunniteltu ja valmistettu Saksassa.<br \/>\nT\u00e4m\u00e4 uusi ja edistyksellinen ja useita patentteja sis\u00e4lt\u00e4v\u00e4 imurimalli otettiin innolla vastaan ammattitaitoisten siivoojien parissa. Imuri l\u00f6ysi tiens\u00e4 hotelleihin, sairaaloihin, toimistoihin ja muihin kohteisiin, joissa arvostettiin puhtaita tekstiilipintoja. Vuoden 1978 j\u00e4lkeen SEBO -imureiden k\u00e4ytt\u00f6 on levinnyt ymp\u00e4ri maailmaa.<\/p>\n<p>Yli 4 miljoonaa myyty\u00e4 SEBO -imuria on tehnyt SEBOsta maailmanlaajuisen markkinajohtajan ammattik\u00e4ytt\u00f6\u00f6n valmistetuissa mattoimureissa. K\u00e4ytt\u00e4j\u00e4mme hy\u00f6tyv\u00e4t t\u00e4st\u00e4 valtavasta osaamisesta.<\/p>\n<p>[\/vc_column_text][\/vc_column][\/vc_row][vc_row][vc_column][vc_custom_heading text=&#8221;Historia&#8221; use_theme_fonts=&#8221;yes&#8221;]<div class=\"smile-icon-timeline-wrap csstime   \"     style=\"\"><div class=\"timeline-line \" style=\"border-right-color:;\"><span><\/span><\/div><div class=\"timeline-wrapper\"><div class=\"timeline-block \"><div class=\"timeline-dot\"><\/div><div class=\"ult-timeline-arrow\"><s><\/s><l><\/l><\/div><div class=\"timeline-icon-block\"><div class=\"ult-timeline-icon tl-icon-no-bg\" style=\"   \"><\/div> <!-- icon --><\/div><div class=\"timeline-header-block\" >\r\n\t\t\t\t\t\t\t<div id=\"timeline-item-1183\" class=\"timeline-header\" style=\"\"><h3 class=\"ult-timeline-title ult-responsive\"  data-ultimate-target='#timeline-item-1183 .ult-timeline-title'  data-responsive-json-new='{\"font-size\":\"\",\"line-height\":\"\"}'  style=\"\">1970<\/h3><div class=\"ult-responsive timeline-item-spt\"  data-ultimate-target='#timeline-item-1183 .timeline-item-spt'  data-responsive-json-new='{\"font-size\":\"\",\"line-height\":\"\"}'  style=\"\"><em>17.01.1978<\/em><\/p>\n<p>Stein &amp; Co. GmbH rekister\u00f6itiin. Luotiin tuotemerkki SEBO, joka on lyhenne saksan kielen sanoista SEmigewerbliche BOdenpflege\u201d (puoliammattimainen lattianhoito). Ammattik\u00e4ytt\u00f6\u00f6n suunnitellun SEBO 350:n tuotanto aloitettiin.<\/p>\n<p><em>18.07.1978<\/em><\/p>\n<p>Sadas imuri valmistettiin entisess\u00e4 kangastehtaassa Velbertiss\u00e4 Saksassa. Myynti Euroopassa alkoi.<\/p>\n<p><em>1979<\/em><\/p>\n<p>Windsor Industriesista tuli yrityksen yhteisty\u00f6kumppani ja myynti alkoi Yhdysvalloissa.<\/div><\/div> <!-- header --><\/div><\/div><\/div>\r\n\t\t\t\t<div id=\"timeline-seperator-2494\" class=\"timeline-separator-text \" data-sep-col=\"\" data-sep-bg-col=\"\"><span class=\"sep-text ult-responsive\"  data-ultimate-target='#timeline-seperator-2494 .sep-text'  data-responsive-json-new='{\"font-size\":\"\",\"line-height\":\"\"}'  style=\"border-width:1px;border-radius:5px;\">. . .<\/span><\/div><div class=\"timeline-wrapper \"><div class=\"timeline-block \"><div class=\"timeline-dot\"><\/div><div class=\"ult-timeline-arrow\"><s><\/s><l><\/l><\/div><div class=\"timeline-icon-block\"><div class=\"ult-timeline-icon tl-icon-no-bg\" style=\"   \"><\/div> <!-- icon --><\/div><div class=\"timeline-header-block\" >\r\n\t\t\t\t\t\t\t<div id=\"timeline-item-9850\" class=\"timeline-header\" style=\"\"><h3 class=\"ult-timeline-title ult-responsive\"  data-ultimate-target='#timeline-item-9850 .ult-timeline-title'  data-responsive-json-new='{\"font-size\":\"\",\"line-height\":\"\"}'  style=\"\">1980<\/h3><div class=\"ult-responsive timeline-item-spt\"  data-ultimate-target='#timeline-item-9850 .timeline-item-spt'  data-responsive-json-new='{\"font-size\":\"\",\"line-height\":\"\"}'  style=\"\"><em>1980<\/em><\/p>\n<p>Yritys siirtyi isompiin tiloihin ja tuotevalikoima laajeni. 25000. imuri valmistettiin<\/p>\n<p><em>1981<\/em><\/p>\n<p>SEBO -imurit tuli saataville ymp\u00e4ri maailmaa, my\u00f6s omilla tuotenimill\u00e4.<\/p>\n<p><em>1983<\/em><\/p>\n<p>Vuoteen 1983 menness\u00e4 SEBO -tyt\u00e4ryhti\u00f6t perustettiin It\u00e4valtaan, Iso-Britanniaan, Etel\u00e4-Afrikkaan ja Ranskaan.<\/p>\n<p><em>1984<\/em><\/p>\n<p>Stein &amp; Co muutti uusiin moderneihin tiloihin Wulfrather Strabess\u00e4. Duo Carpet -matonpuhdistusmenetelm\u00e4 ja s\u00e4hk\u00f6staattinen mikrosuodatin piti yrityksen menestyksen tiell\u00e4.<\/p>\n<p><em>1985<\/em><\/p>\n<p>Tuotanto tuplaantui verrattuna vuoteen 1983.<\/p>\n<p><em>1986<\/em><\/p>\n<p>SEBO 360,jossa on elektroninen harjans\u00e4\u00e4t\u00f6 esiteltiin.<\/p>\n<p><em>1988<\/em><\/p>\n<p>Vuonna 1988 SEBO Stein &amp; Co. ovat toimineet 10 vuotta.<\/div><\/div> <!-- header --><\/div><\/div><\/div>\r\n\t\t\t\t<div id=\"timeline-seperator-9978\" class=\"timeline-separator-text \" data-sep-col=\"\" data-sep-bg-col=\"\"><span class=\"sep-text ult-responsive\"  data-ultimate-target='#timeline-seperator-9978 .sep-text'  data-responsive-json-new='{\"font-size\":\"\",\"line-height\":\"\"}'  style=\"border-width:1px;border-radius:5px;\">. . .<\/span><\/div><div class=\"timeline-wrapper \"><div class=\"timeline-block \"><div class=\"timeline-dot\"><\/div><div class=\"ult-timeline-arrow\"><s><\/s><l><\/l><\/div><div class=\"timeline-icon-block\"><div class=\"ult-timeline-icon tl-icon-no-bg\" style=\"   \"><\/div> <!-- icon --><\/div><div class=\"timeline-header-block\" >\r\n\t\t\t\t\t\t\t<div id=\"timeline-item-8376\" class=\"timeline-header\" style=\"\"><h3 class=\"ult-timeline-title ult-responsive\"  data-ultimate-target='#timeline-item-8376 .ult-timeline-title'  data-responsive-json-new='{\"font-size\":\"\",\"line-height\":\"\"}'  style=\"\">1990<\/h3><div class=\"ult-responsive timeline-item-spt\"  data-ultimate-target='#timeline-item-8376 .timeline-item-spt'  data-responsive-json-new='{\"font-size\":\"\",\"line-height\":\"\"}'  style=\"\"><em>1991<\/em><\/p>\n<p>Muutto laajennettuihin viimeisint\u00e4 huutoa oleviin tuotanto- ja varastotiloihin. Sensaatiomainen SEBO AUTOMATIC X -sarja lanseerattiin. SEBO UK aloitti jakelun kodinkoneketjujen kautta, Saksa seurasi Englannin mallia.<\/p>\n<p><em>1994<\/em><\/p>\n<p>Klaus Steinin syntym\u00e4p\u00e4iv\u00e4n\u00e4 1 000 000. imuri valmistetaan.<\/p>\n<p><em>1995<\/em><\/p>\n<p>Uudentyyppinen SEBO AIRBELT C sylinteri-imuri lanseerattiin uudelle markkinasegmentille. Jakelu kuluttajille alkoi It\u00e4vallassa ja Koreassa.<\/p>\n<p><em>1997<\/em><\/p>\n<p>Jakelu kuluttajille aloitettiin Yhdysvalloissa. Ammattik\u00e4ytt\u00e4jille lanseerattiin SEBO 370.<\/p>\n<p><em>1998<\/em><\/p>\n<p>Yrityksen 20-vuotisjuhlat. Thomas Stein liittyi yrityksen johtoon. 1500 000. imuri on SEBO AUTOMATIC X1<\/p>\n<p><em>1999<\/em><\/p>\n<p>SEBO Amerikka perustettiin ja SEBO aloitti suoraan kuluttajille suunnatun jakelun.<\/div><\/div> <!-- header --><\/div><\/div><\/div>\r\n\t\t\t\t<div id=\"timeline-seperator-5860\" class=\"timeline-separator-text \" data-sep-col=\"\" data-sep-bg-col=\"\"><span class=\"sep-text ult-responsive\"  data-ultimate-target='#timeline-seperator-5860 .sep-text'  data-responsive-json-new='{\"font-size\":\"\",\"line-height\":\"\"}'  style=\"border-width:1px;border-radius:5px;\">. . .<\/span><\/div><div class=\"timeline-wrapper \"><div class=\"timeline-block \"><div class=\"timeline-dot\"><\/div><div class=\"ult-timeline-arrow\"><s><\/s><l><\/l><\/div><div class=\"timeline-icon-block\"><div class=\"ult-timeline-icon tl-icon-no-bg\" style=\"   \"><\/div> <!-- icon --><\/div><div class=\"timeline-header-block\" >\r\n\t\t\t\t\t\t\t<div id=\"timeline-item-9678\" class=\"timeline-header\" style=\"\"><h3 class=\"ult-timeline-title ult-responsive\"  data-ultimate-target='#timeline-item-9678 .ult-timeline-title'  data-responsive-json-new='{\"font-size\":\"\",\"line-height\":\"\"}'  style=\"\">2000<\/h3><div class=\"ult-responsive timeline-item-spt\"  data-ultimate-target='#timeline-item-9678 .timeline-item-spt'  data-responsive-json-new='{\"font-size\":\"\",\"line-height\":\"\"}'  style=\"\"><em>2000<\/em><\/p>\n<p>Imuri numero 2 000 000 on SEBO AIRBELT C3.1.<\/p>\n<p><em>2001<\/em><\/p>\n<p>CC-tukku Oy aloitti SEBO -maahantuonnin Suomeen.<\/p>\n<p><em>2002<\/em><\/p>\n<p>SEBO PREFESSIONAL G ja SEBO AIRBELT K lanseerattiin. Heinz Kaulig j\u00e4i el\u00e4kkeelle ja Achim Liffers liittyi yrityksen johtoon.<\/p>\n<p><em>2003<\/em><\/p>\n<p>Asiakkaat, toimittajat ja ty\u00f6ntekij\u00e4t juhlivat 25-vuotista Stein &amp; Co:a.<\/p>\n<p><em>2004<\/em><\/p>\n<p>Uuden sukupolven mattoimurit, Windsor Flexamaticit lanseerattiin ISSA messuilla New Orleansissa.<\/p>\n<p><em>2005<\/em><\/p>\n<p>SEBO DART ja SEBO FELIX lanseerattiin. 3 000 000. imuri valmistettiin.<\/p>\n<p><em>2006<\/em><\/p>\n<p>Toimitilojen laajennus otettiin k\u00e4ytt\u00f6\u00f6n, mik\u00e4 mahdollisti tuotannon tuplaamisen sek\u00e4 lyhyemm\u00e4t ja varmemmat toimitukset.<\/p>\n<p><em>2007<\/em><\/p>\n<p>SEBO DART 3 ja SEBO DISCO Ultra High Speed -koneet, joissa on p\u00f6lynpoisto, lanseerattiin.<\/p>\n<p><em>2008<\/em><\/p>\n<p>Stein &amp; Co t\u00e4ytti 30 vuotta. Ven\u00e4j\u00e4n markkinat kasvoivat huikeata vauhtia ja olivat nelj\u00e4nneksi suurin markkina USA:n, Iso-Britannian ja Saksan j\u00e4lkeen. DART 3 kiillotuslaikkoihin lis\u00e4ttiin timanttia, joka lis\u00e4\u00e4 tehokkuutta ja k\u00e4ytt\u00f6ik\u00e4\u00e4.<\/p>\n<p><em>2009 <\/em><\/p>\n<p>Stein &amp; Co voitti \u2018Company of the Month November\u2019 Ja-zu Deutschland -palkinnon.<\/div><\/div> <!-- header --><\/div><\/div><\/div>\r\n\t\t\t\t<div id=\"timeline-seperator-9594\" class=\"timeline-separator-text \" data-sep-col=\"\" data-sep-bg-col=\"\"><span class=\"sep-text ult-responsive\"  data-ultimate-target='#timeline-seperator-9594 .sep-text'  data-responsive-json-new='{\"font-size\":\"\",\"line-height\":\"\"}'  style=\"border-width:1px;border-radius:5px;\">. . .<\/span><\/div><div class=\"timeline-wrapper \"><div class=\"timeline-block \"><div class=\"timeline-dot\"><\/div><div class=\"ult-timeline-arrow\"><s><\/s><l><\/l><\/div><div class=\"timeline-icon-block\"><div class=\"ult-timeline-icon tl-icon-no-bg\" style=\"   \"><\/div> <!-- icon --><\/div><div class=\"timeline-header-block\" >\r\n\t\t\t\t\t\t\t<div id=\"timeline-item-8655\" class=\"timeline-header\" style=\"\"><h3 class=\"ult-timeline-title ult-responsive\"  data-ultimate-target='#timeline-item-8655 .ult-timeline-title'  data-responsive-json-new='{\"font-size\":\"\",\"line-height\":\"\"}'  style=\"\">2010<\/h3><div class=\"ult-responsive timeline-item-spt\"  data-ultimate-target='#timeline-item-8655 .timeline-item-spt'  data-responsive-json-new='{\"font-size\":\"\",\"line-height\":\"\"}'  style=\"\"><em>2010<\/em><\/p>\n<p>SEBO AIRBELT D korvasi SEBO AIRBELT C -sarjan.<\/p>\n<p><em>2011<\/em><\/p>\n<p>SEBO laajensi valikoimaansa innovatiivisella ja korkealaatuisella sylinteri-imurilla, PROFESSIONAL D:ll\u00e4.<\/p>\n<p><em>2012<\/em><\/p>\n<p>P\u00e4ivitetyt versiot kaksimoottorisista malleista SEBO BS 36\/46 ja SEBO 370\/470 COMFORT, joissa on tehokkaammat harjat ja ne ovat helpompi huoltaa.<\/p>\n<p><em>2014<\/em><\/p>\n<p>36:n vuoden kokemus ja osaaminen yksi- ja kaksimoottorisissa imureissa yhdistyi SEBO EVOLUTIONissa.<\/p>\n<p><em>2015<\/em><\/p>\n<p>SEBO AIRBELT E lanseerattiin.<\/p>\n<p><em>2017<\/em><\/p>\n<p>SEBO AUTOMATIC XP1\/2\/3 imurit p\u00e4ivitettiin XP10\/20\/30 imureiksi, ja ne jatkoivat k\u00e4ytt\u00e4jien suosikkeina. XP -sarjan imureissa on automaattinen harjankorkeudens\u00e4\u00e4t\u00f6 ja turvallisuutta lis\u00e4\u00e4v\u00e4 oranssi s\u00e4hk\u00f6johto. Uudet Evolution 320\/370\/470 toimintavarmat ja yll\u00e4pidoltaan edulliset imurit lanseerattiin.<\/div><\/div> <!-- header --><\/div><\/div><\/div><\/div>[\/vc_column][\/vc_row]<\/p>\n<\/div>","protected":false},"excerpt":{"rendered":"<p>[vc_row][vc_column][vc_custom_heading text=&#8221;TIETOA SEBOSTA&#8221; use_theme_fonts=&#8221;yes&#8221;][vc_column_text] Stein &amp; Co on saksalainen laadukkaiden imureiden valmistaja, jonka ydinosaaminen on mattoimureiden valmistus. Suomessa imureiden esittely, toimitus ja k\u00e4ytt\u00e4jien opastus tapahtuu ammattitaitoisten siivousalaan erikoistuneiden toimittajien toimesta. 80 vuotta ensimm\u00e4isen imuripatentin j\u00e4lkeen kaksi nuorta insin\u00f6\u00f6ri\u00e4 luottivat siihen, ett\u00e4 he voisivat nostaa imureiden suunnittelun ja valmistuksen uudelle tasolle. Paljon teoreettista ja k\u00e4yt\u00e4nn\u00f6n kokemusta [&hellip;]<\/p>\n","protected":false},"author":1,"featured_media":0,"parent":0,"menu_order":0,"comment_status":"closed","ping_status":"closed","template":"","meta":{"_monsterinsights_skip_tracking":false,"_monsterinsights_sitenote_active":false,"_monsterinsights_sitenote_note":"","_monsterinsights_sitenote_category":0,"footnotes":""},"class_list":["post-1831","page","type-page","status-publish","hentry"],"_links":{"self":[{"href":"https:\/\/sebo.fi\/en\/wp-json\/wp\/v2\/pages\/1831","targetHints":{"allow":["GET"]}}],"collection":[{"href":"https:\/\/sebo.fi\/en\/wp-json\/wp\/v2\/pages"}],"about":[{"href":"https:\/\/sebo.fi\/en\/wp-json\/wp\/v2\/types\/page"}],"author":[{"embeddable":true,"href":"https:\/\/sebo.fi\/en\/wp-json\/wp\/v2\/users\/1"}],"replies":[{"embeddable":true,"href":"https:\/\/sebo.fi\/en\/wp-json\/wp\/v2\/comments?post=1831"}],"version-history":[{"count":9,"href":"https:\/\/sebo.fi\/en\/wp-json\/wp\/v2\/pages\/1831\/revisions"}],"predecessor-version":[{"id":2189,"href":"https:\/\/sebo.fi\/en\/wp-json\/wp\/v2\/pages\/1831\/revisions\/2189"}],"wp:attachment":[{"href":"https:\/\/sebo.fi\/en\/wp-json\/wp\/v2\/media?parent=1831"}],"curies":[{"name":"wp","href":"https:\/\/api.w.org\/{rel}","templated":true}]}}